{"id":24180,"date":"2024-05-23T13:23:37","date_gmt":"2024-05-23T11:23:37","guid":{"rendered":"https:\/\/cassirers-center.uwr.edu.pl\/?page_id=24180"},"modified":"2024-06-04T01:43:08","modified_gmt":"2024-06-03T23:43:08","slug":"bachelard-society","status":"publish","type":"page","link":"https:\/\/cassirers-center.uwr.edu.pl\/pl\/bachelard-sociaty-and-bachelard\/bachelard-society\/","title":{"rendered":"Bachelard Society"},"content":{"rendered":"\n<p>We have been inspired by Bachelard&#8217;s philosophy of imagination. We conducted seminars and conferences devoted to these inspirations, translating fragments of his texts that had not been translated into Polish, especially in the volume &#8222;La Terre et les r\u00eaveries du repos&#8221; (we translated the chapter \u201cLa grotte\u201d and \u201cLe labyrinthe\u201d) and several volumes were created by dr M. Ples-B\u0119ben, assoc. prof. I. B\u0142ocian, dr K. Morawska and assoc. prof. B. Trochimska-Kubacka. <\/p>\n\n\n\n<p>We have been inspired by Bachelard&#8217;s series of works devoted to the imagination of the elements, literary and philosophical images related to the nature. We have had long-term cooperation with Prof. J.-J. Wunenburger as part of the <em>Center de Recherches Interdisciplinaires de l&#8217;Imaginaire <\/em>(CRI 2 i) and we went on consultations, scholarships, and research to Dijon, Lyon and Paris (I. B\u0142ocian, M. Ples-B\u0119ben, G. Lubowicka and K. Morawska). The research of Gilbert Durand and his concept of archetypal structures of imagination were also of particular importance to us. We were strongly inspired by the work of the entire group of centers associated with prof. Wunenburger and their series of publications. (Paris, 1940s.)<\/p>\n\n\n\n<p>Recently, dr Karol Morawski visited prof. Corin Braga in Cluj-Napoca (Romania) with a series of lectures on political imagination (<a href=\"https:\/\/www.filozofia.uni.wroc.pl\/Aktualnosci-1\/Wizyta-dr-Karola-Morawskiegona-UniwersytecieBabe-Bolyai\">Wizyta dr Karola Morawskiego na Uniwersytecie&nbsp;Babe\u0219-Bolyai&nbsp; &#8211; Instytut Filozofii<\/a>). This is still a lively, rich area of \u200b\u200bour research and we are constantly continuing it.<\/p>\n\n\n\n<p>We were very interested in the area of \u200b\u200bconnection between Bachelard&#8217;s philosophy of imagination and the conceptions of the unconscious in psychoanalysis.<\/p>\n\n\n\n<p>Our publications include:<\/p>\n\n\n\n<ol class=\"wp-block-list\">\n<li>Studia Philosophica Wratislaviensia, red. R. Konik, B. Trochimska-Kubacka, vol. VII, fasc. 3, Wroc\u0142aw 2012 (a volume containing texts by members of the Bachelard Society devoted to the conceptions of imagination);<\/li>\n\n\n\n<li>Ilona B\u0142ocian, Kamila Morawska, Marta Ples-B\u0119ben,\u00a0<em>Gaston Bachelard i filozofie obrazu<\/em>, Wroc\u0142aw 2018;<\/li>\n\n\n\n<li><em>Gaston Bachelard. Konteksty i interpretacje<\/em>, ed. M. Ples- B\u0119ben, Wydawnictwo Uniwersytetu \u015al\u0105skiego, Katowice 2021.<\/li>\n\n\n\n<li>Le num\u00e9ro 2\/2021 (2022) de la revue &#8222;\u00c9tudes Bachelariennes&#8221; \u00e9dit\u00e9e par Ilona B\u0142ocian et Marta Ples-B\u0119ben, <em>Bachelard et la psychanalyse.<\/em><\/li>\n<\/ol>\n\n\n\n<p>\u201cThis is how I chose phenomenology, hoping that I would be able to re-examine the images from a new perspective, which I have faithfully loved, so firmly embedded in my memory that I do not even know whose I am remembering or imagining when I find them in my dreams\u201d (Bachelard, <em>La Po\u00e9tique&nbsp; de la r\u00eaverie<\/em>)<\/p>\n","protected":false},"excerpt":{"rendered":"<p>We have been inspired by Bachelard&#8217;s philosophy of imagination. We conducted seminars and conferences devoted to these inspirations, translating fragments of his texts that had not been translated into Polish, especially in the volume &#8222;La Terre et les r\u00eaveries du repos&#8221; (we translated the chapter \u201cLa grotte\u201d and \u201cLe labyrinthe\u201d) and several volumes were created [&hellip;]<\/p>\n","protected":false},"author":2232,"featured_media":0,"parent":24198,"menu_order":1,"comment_status":"closed","ping_status":"closed","template":"","meta":{"_acf_changed":false,"inline_featured_image":false,"site-sidebar-layout":"default","site-content-layout":"","ast-site-content-layout":"default","site-content-style":"default","site-sidebar-style":"default","ast-global-header-display":"","ast-banner-title-visibility":"","ast-main-header-display":"","ast-hfb-above-header-display":"","ast-hfb-below-header-display":"","ast-hfb-mobile-header-display":"","site-post-title":"","ast-breadcrumbs-content":"","ast-featured-img":"","footer-sml-layout":"","ast-disable-related-posts":"","theme-transparent-header-meta":"","adv-header-id-meta":"","stick-header-meta":"","header-above-stick-meta":"","header-main-stick-meta":"","header-below-stick-meta":"","astra-migrate-meta-layouts":"set","ast-page-background-enabled":"default","ast-page-background-meta":{"desktop":{"background-color":"","background-image":"","background-repeat":"repeat","background-position":"center center","background-size":"auto","background-attachment":"scroll","background-type":"","background-media":"","overlay-type":"","overlay-color":"","overlay-opacity":"","overlay-gradient":""},"tablet":{"background-color":"","background-image":"","background-repeat":"repeat","background-position":"center center","background-size":"auto","background-attachment":"scroll","background-type":"","background-media":"","overlay-type":"","overlay-color":"","overlay-opacity":"","overlay-gradient":""},"mobile":{"background-color":"","background-image":"","background-repeat":"repeat","background-position":"center center","background-size":"auto","background-attachment":"scroll","background-type":"","background-media":"","overlay-type":"","overlay-color":"","overlay-opacity":"","overlay-gradient":""}},"ast-content-background-meta":{"desktop":{"background-color":"var(--ast-global-color-5)","background-image":"","background-repeat":"repeat","background-position":"center center","background-size":"auto","background-attachment":"scroll","background-type":"","background-media":"","overlay-type":"","overlay-color":"","overlay-opacity":"","overlay-gradient":""},"tablet":{"background-color":"var(--ast-global-color-5)","background-image":"","background-repeat":"repeat","background-position":"center center","background-size":"auto","background-attachment":"scroll","background-type":"","background-media":"","overlay-type":"","overlay-color":"","overlay-opacity":"","overlay-gradient":""},"mobile":{"background-color":"var(--ast-global-color-5)","background-image":"","background-repeat":"repeat","background-position":"center center","background-size":"auto","background-attachment":"scroll","background-type":"","background-media":"","overlay-type":"","overlay-color":"","overlay-opacity":"","overlay-gradient":""}},"footnotes":""},"categories":[],"tags":[],"class_list":["post-24180","page","type-page","status-publish","hentry"],"acf":[],"featured_image_urls_v2":{"full":"","thumbnail":"","medium":"","medium_large":"","large":"","1536x1536":"","2048x2048":"","menu-24x24":"","menu-36x36":"","menu-48x48":""},"post_excerpt_stackable_v2":"<p>We have been inspired by Bachelard&#8217;s philosophy of imagination. We conducted seminars and conferences devoted to these inspirations, translating fragments of his texts that had not been translated into Polish, especially in the volume &#8222;La Terre et les r\u00eaveries du repos&#8221; (we translated the chapter \u201cLa grotte\u201d and \u201cLe labyrinthe\u201d) and several volumes were created by dr M. Ples-B\u0119ben, assoc. prof. I. B\u0142ocian, dr K. Morawska and assoc. prof. B. Trochimska-Kubacka. We have been inspired by Bachelard&#8217;s series of works devoted to the imagination of the elements, literary and philosophical images related to the nature. We have had long-term cooperation&hellip;<\/p>\n","category_list_v2":"Bez kategorii","author_info_v2":{"name":"lstachowski","url":"https:\/\/cassirers-center.uwr.edu.pl\/pl\/author\/lstachowski\/"},"comments_num_v2":"0 comments","yoast_head":"<!-- This site is optimized with the Yoast SEO plugin v27.1.1 - https:\/\/yoast.com\/product\/yoast-seo-wordpress\/ -->\n<title>Bachelard Society - Cassirer Center for International Scholarship and Cooperation<\/title>\n<meta name=\"robots\" content=\"index, follow, max-snippet:-1, max-image-preview:large, max-video-preview:-1\" \/>\n<link rel=\"canonical\" href=\"https:\/\/cassirers-center.uwr.edu.pl\/bachelard-sociaty-and-bachelard\/bachelard-society\/\" \/>\n<meta property=\"og:locale\" content=\"pl_PL\" \/>\n<meta property=\"og:type\" content=\"article\" \/>\n<meta property=\"og:title\" content=\"Bachelard Society - Cassirer Center for International Scholarship and Cooperation\" \/>\n<meta property=\"og:description\" content=\"We have been inspired by Bachelard&#8217;s philosophy of imagination. We conducted seminars and conferences devoted to these inspirations, translating fragments of his texts that had not been translated into Polish, especially in the volume &#8222;La Terre et les r\u00eaveries du repos&#8221; (we translated the chapter \u201cLa grotte\u201d and \u201cLe labyrinthe\u201d) and several volumes were created [&hellip;]\" \/>\n<meta property=\"og:url\" content=\"https:\/\/cassirers-center.uwr.edu.pl\/bachelard-sociaty-and-bachelard\/bachelard-society\/\" \/>\n<meta property=\"og:site_name\" content=\"Cassirer Center for International Scholarship and Cooperation\" \/>\n<meta property=\"article:modified_time\" content=\"2024-06-03T23:43:08+00:00\" \/>\n<meta name=\"twitter:card\" content=\"summary_large_image\" \/>\n<meta name=\"twitter:label1\" content=\"Szacowany czas czytania\" \/>\n\t<meta name=\"twitter:data1\" content=\"2 minuty\" \/>\n<script type=\"application\/ld+json\" class=\"yoast-schema-graph\">{\"@context\":\"https:\/\/schema.org\",\"@graph\":[{\"@type\":\"WebPage\",\"@id\":\"https:\/\/cassirers-center.uwr.edu.pl\/bachelard-sociaty-and-bachelard\/bachelard-society\/\",\"url\":\"https:\/\/cassirers-center.uwr.edu.pl\/bachelard-sociaty-and-bachelard\/bachelard-society\/\",\"name\":\"Bachelard Society - Cassirer Center for International Scholarship and Cooperation\",\"isPartOf\":{\"@id\":\"https:\/\/cassirers-center.uwr.edu.pl\/#website\"},\"datePublished\":\"2024-05-23T11:23:37+00:00\",\"dateModified\":\"2024-06-03T23:43:08+00:00\",\"breadcrumb\":{\"@id\":\"https:\/\/cassirers-center.uwr.edu.pl\/bachelard-sociaty-and-bachelard\/bachelard-society\/#breadcrumb\"},\"inLanguage\":\"pl-PL\",\"potentialAction\":[{\"@type\":\"ReadAction\",\"target\":[\"https:\/\/cassirers-center.uwr.edu.pl\/bachelard-sociaty-and-bachelard\/bachelard-society\/\"]}]},{\"@type\":\"BreadcrumbList\",\"@id\":\"https:\/\/cassirers-center.uwr.edu.pl\/bachelard-sociaty-and-bachelard\/bachelard-society\/#breadcrumb\",\"itemListElement\":[{\"@type\":\"ListItem\",\"position\":1,\"name\":\"Strona g\u0142\u00f3wna\",\"item\":\"https:\/\/cassirers-center.uwr.edu.pl\/pl\/\"},{\"@type\":\"ListItem\",\"position\":2,\"name\":\"Bachelard Sociaty and Bachelard\",\"item\":\"https:\/\/cassirers-center.uwr.edu.pl\/bachelard-sociaty-and-bachelard\/\"},{\"@type\":\"ListItem\",\"position\":3,\"name\":\"Bachelard Society\"}]},{\"@type\":\"WebSite\",\"@id\":\"https:\/\/cassirers-center.uwr.edu.pl\/#website\",\"url\":\"https:\/\/cassirers-center.uwr.edu.pl\/\",\"name\":\"Cassirer Center for International Scholarship and Cooperation\",\"description\":\"Kolejna witryna sieci \u201eUWR Witryny\u201d\",\"publisher\":{\"@id\":\"https:\/\/cassirers-center.uwr.edu.pl\/#organization\"},\"potentialAction\":[{\"@type\":\"SearchAction\",\"target\":{\"@type\":\"EntryPoint\",\"urlTemplate\":\"https:\/\/cassirers-center.uwr.edu.pl\/?s={search_term_string}\"},\"query-input\":{\"@type\":\"PropertyValueSpecification\",\"valueRequired\":true,\"valueName\":\"search_term_string\"}}],\"inLanguage\":\"pl-PL\"},{\"@type\":\"Organization\",\"@id\":\"https:\/\/cassirers-center.uwr.edu.pl\/#organization\",\"name\":\"Cassirer Center for International Scholarship and Cooperation\",\"url\":\"https:\/\/cassirers-center.uwr.edu.pl\/\",\"logo\":{\"@type\":\"ImageObject\",\"inLanguage\":\"pl-PL\",\"@id\":\"https:\/\/cassirers-center.uwr.edu.pl\/#\/schema\/logo\/image\/\",\"url\":\"https:\/\/cassirers-center.uwr.edu.pl\/wp-content\/uploads\/sites\/525\/2025\/10\/UWr-logotyp-2025.png\",\"contentUrl\":\"https:\/\/cassirers-center.uwr.edu.pl\/wp-content\/uploads\/sites\/525\/2025\/10\/UWr-logotyp-2025.png\",\"width\":764,\"height\":269,\"caption\":\"Cassirer Center for International Scholarship and Cooperation\"},\"image\":{\"@id\":\"https:\/\/cassirers-center.uwr.edu.pl\/#\/schema\/logo\/image\/\"}}]}<\/script>\n<!-- \/ Yoast SEO plugin. -->","yoast_head_json":{"title":"Bachelard Society - Cassirer Center for International Scholarship and Cooperation","robots":{"index":"index","follow":"follow","max-snippet":"max-snippet:-1","max-image-preview":"max-image-preview:large","max-video-preview":"max-video-preview:-1"},"canonical":"https:\/\/cassirers-center.uwr.edu.pl\/bachelard-sociaty-and-bachelard\/bachelard-society\/","og_locale":"pl_PL","og_type":"article","og_title":"Bachelard Society - Cassirer Center for International Scholarship and Cooperation","og_description":"We have been inspired by Bachelard&#8217;s philosophy of imagination. We conducted seminars and conferences devoted to these inspirations, translating fragments of his texts that had not been translated into Polish, especially in the volume &#8222;La Terre et les r\u00eaveries du repos&#8221; (we translated the chapter \u201cLa grotte\u201d and \u201cLe labyrinthe\u201d) and several volumes were created [&hellip;]","og_url":"https:\/\/cassirers-center.uwr.edu.pl\/bachelard-sociaty-and-bachelard\/bachelard-society\/","og_site_name":"Cassirer Center for International Scholarship and Cooperation","article_modified_time":"2024-06-03T23:43:08+00:00","twitter_card":"summary_large_image","twitter_misc":{"Szacowany czas czytania":"2 minuty"},"schema":{"@context":"https:\/\/schema.org","@graph":[{"@type":"WebPage","@id":"https:\/\/cassirers-center.uwr.edu.pl\/bachelard-sociaty-and-bachelard\/bachelard-society\/","url":"https:\/\/cassirers-center.uwr.edu.pl\/bachelard-sociaty-and-bachelard\/bachelard-society\/","name":"Bachelard Society - Cassirer Center for International Scholarship and Cooperation","isPartOf":{"@id":"https:\/\/cassirers-center.uwr.edu.pl\/#website"},"datePublished":"2024-05-23T11:23:37+00:00","dateModified":"2024-06-03T23:43:08+00:00","breadcrumb":{"@id":"https:\/\/cassirers-center.uwr.edu.pl\/bachelard-sociaty-and-bachelard\/bachelard-society\/#breadcrumb"},"inLanguage":"pl-PL","potentialAction":[{"@type":"ReadAction","target":["https:\/\/cassirers-center.uwr.edu.pl\/bachelard-sociaty-and-bachelard\/bachelard-society\/"]}]},{"@type":"BreadcrumbList","@id":"https:\/\/cassirers-center.uwr.edu.pl\/bachelard-sociaty-and-bachelard\/bachelard-society\/#breadcrumb","itemListElement":[{"@type":"ListItem","position":1,"name":"Strona g\u0142\u00f3wna","item":"https:\/\/cassirers-center.uwr.edu.pl\/pl\/"},{"@type":"ListItem","position":2,"name":"Bachelard Sociaty and Bachelard","item":"https:\/\/cassirers-center.uwr.edu.pl\/bachelard-sociaty-and-bachelard\/"},{"@type":"ListItem","position":3,"name":"Bachelard Society"}]},{"@type":"WebSite","@id":"https:\/\/cassirers-center.uwr.edu.pl\/#website","url":"https:\/\/cassirers-center.uwr.edu.pl\/","name":"Cassirer Center for International Scholarship and Cooperation","description":"Kolejna witryna sieci \u201eUWR Witryny\u201d","publisher":{"@id":"https:\/\/cassirers-center.uwr.edu.pl\/#organization"},"potentialAction":[{"@type":"SearchAction","target":{"@type":"EntryPoint","urlTemplate":"https:\/\/cassirers-center.uwr.edu.pl\/?s={search_term_string}"},"query-input":{"@type":"PropertyValueSpecification","valueRequired":true,"valueName":"search_term_string"}}],"inLanguage":"pl-PL"},{"@type":"Organization","@id":"https:\/\/cassirers-center.uwr.edu.pl\/#organization","name":"Cassirer Center for International Scholarship and Cooperation","url":"https:\/\/cassirers-center.uwr.edu.pl\/","logo":{"@type":"ImageObject","inLanguage":"pl-PL","@id":"https:\/\/cassirers-center.uwr.edu.pl\/#\/schema\/logo\/image\/","url":"https:\/\/cassirers-center.uwr.edu.pl\/wp-content\/uploads\/sites\/525\/2025\/10\/UWr-logotyp-2025.png","contentUrl":"https:\/\/cassirers-center.uwr.edu.pl\/wp-content\/uploads\/sites\/525\/2025\/10\/UWr-logotyp-2025.png","width":764,"height":269,"caption":"Cassirer Center for International Scholarship and Cooperation"},"image":{"@id":"https:\/\/cassirers-center.uwr.edu.pl\/#\/schema\/logo\/image\/"}}]}},"publishpress_future_action":{"enabled":false,"date":"2026-04-24 15:21:57","action":"change-status","newStatus":"draft","terms":[],"taxonomy":"category","extraData":[]},"publishpress_future_workflow_manual_trigger":{"enabledWorkflows":[]},"_links":{"self":[{"href":"https:\/\/cassirers-center.uwr.edu.pl\/pl\/wp-json\/wp\/v2\/pages\/24180\/"}],"collection":[{"href":"https:\/\/cassirers-center.uwr.edu.pl\/pl\/wp-json\/wp\/v2\/pages\/"}],"about":[{"href":"https:\/\/cassirers-center.uwr.edu.pl\/pl\/wp-json\/wp\/v2\/types\/page\/"}],"author":[{"embeddable":true,"href":"https:\/\/cassirers-center.uwr.edu.pl\/pl\/wp-json\/wp\/v2\/users\/2232\/"}],"replies":[{"embeddable":true,"href":"https:\/\/cassirers-center.uwr.edu.pl\/pl\/wp-json\/wp\/v2\/comments\/?post=24180"}],"version-history":[{"count":3,"href":"https:\/\/cassirers-center.uwr.edu.pl\/pl\/wp-json\/wp\/v2\/pages\/24180\/revisions\/"}],"predecessor-version":[{"id":24481,"href":"https:\/\/cassirers-center.uwr.edu.pl\/pl\/wp-json\/wp\/v2\/pages\/24180\/revisions\/24481\/"}],"up":[{"embeddable":true,"href":"https:\/\/cassirers-center.uwr.edu.pl\/pl\/wp-json\/wp\/v2\/pages\/24198\/"}],"wp:attachment":[{"href":"https:\/\/cassirers-center.uwr.edu.pl\/pl\/wp-json\/wp\/v2\/media\/?parent=24180"}],"wp:term":[{"taxonomy":"category","embeddable":true,"href":"https:\/\/cassirers-center.uwr.edu.pl\/pl\/wp-json\/wp\/v2\/categories\/?post=24180"},{"taxonomy":"post_tag","embeddable":true,"href":"https:\/\/cassirers-center.uwr.edu.pl\/pl\/wp-json\/wp\/v2\/tags\/?post=24180"}],"curies":[{"name":"wp","href":"https:\/\/api.w.org\/{rel}","templated":true}]}}